{"id":375,"date":"2018-06-28T14:44:53","date_gmt":"2018-06-28T11:44:53","guid":{"rendered":"http:\/\/work2019.fi\/?page_id=375"},"modified":"2019-08-07T11:57:55","modified_gmt":"2019-08-07T08:57:55","slug":"venue","status":"publish","type":"page","link":"https:\/\/workconference.fi\/work2019\/venue\/","title":{"rendered":"Venue"},"content":{"rendered":"<p>The conference will be held in Helsinki, at the Congress Wing at the Finlandia Hall. Some sessions are held at the National Museum of Finland, right across the Finlandia Hall, on Wednesday 14 and Thursday 15 August.<\/p>\n<p>&nbsp;<\/p>\n<p><strong>Finlandia Hall\u00a0<\/strong><\/p>\n<figure id=\"attachment_742\" aria-describedby=\"caption-attachment-742\" style=\"width: 300px\" class=\"wp-caption alignright\"><img loading=\"lazy\" decoding=\"async\" class=\"wp-image-742 size-medium\" src=\"https:\/\/workconference.fi\/work2019\/wp-content\/uploads\/sites\/6\/2018\/08\/finlandia-talo_lantinen_julkisivu_western_facade_matti_tirri-300x200.jpg\" alt=\"\" width=\"300\" height=\"200\" srcset=\"https:\/\/workconference.fi\/work2019\/wp-content\/uploads\/sites\/6\/2018\/08\/finlandia-talo_lantinen_julkisivu_western_facade_matti_tirri-300x200.jpg 300w, https:\/\/workconference.fi\/work2019\/wp-content\/uploads\/sites\/6\/2018\/08\/finlandia-talo_lantinen_julkisivu_western_facade_matti_tirri.jpg 400w\" sizes=\"auto, (max-width: 300px) 100vw, 300px\" \/><figcaption id=\"caption-attachment-742\" class=\"wp-caption-text\">Finlandia Hall, Congress wing (c) Matti Tirri<\/figcaption><\/figure>\n<p>Finlandia Hall is located in a park on T\u00f6\u00f6l\u00f6nlahti Bay in the centre of Helsinki, address Mannerheimintie 13e, only 1,5 kilometres from main bus station and 1 kilometer from main railway station. It is easily accessed from Helsinki Airport. Tram and bus stops can be found right in front of the building, and the hall is only a short walk from the city centre. Visitors are also welcome to use the car parks near Finlandia Hall.<\/p>\n<p>Trams 4 and 10 stop on Mannerheimintie in front of Finlandia Hall (National Museum stop).<\/p>\n<p>Finlandia Hall\u2019s taxi stand can be found on Karamzininranta, in front of the K1 entrance. Taxis can also be asked to pick up guests on the Mannerheimintie side of the building.<\/p>\n<p>Additional info on location and transportation is found on <a href=\"https:\/\/www.finlandiatalo.fi\/en\/planning-an-event\/how-to-get-here-0\" target=\"_blank\" rel=\"noopener\">Finlandia Hall website<\/a>.<\/p>\n<p>WORK2019 is organized at the Congress Wing of the Finlandia Hall, marked as blue in the <a href=\"https:\/\/www.finlandiatalo.fi\/sites\/default\/files\/contentimages\/finlandia-talo_1-krs.pdf\" target=\"_blank\" rel=\"noopener\">floor map<\/a>.<\/p>\n<p><strong>The main entrance of the conference is M1.<\/strong><\/p>\n<p>&nbsp;<\/p>\n<p><strong>The National Museum of Finland<\/strong><\/p>\n<figure id=\"attachment_748\" aria-describedby=\"caption-attachment-748\" style=\"width: 300px\" class=\"wp-caption alignleft\"><img loading=\"lazy\" decoding=\"async\" class=\"size-medium wp-image-748\" src=\"https:\/\/workconference.fi\/work2019\/wp-content\/uploads\/sites\/6\/2018\/08\/Kansallismuseo_pihalta_DSC4398-300x224.jpg\" alt=\"\" width=\"300\" height=\"224\" srcset=\"https:\/\/workconference.fi\/work2019\/wp-content\/uploads\/sites\/6\/2018\/08\/Kansallismuseo_pihalta_DSC4398-300x224.jpg 300w, https:\/\/workconference.fi\/work2019\/wp-content\/uploads\/sites\/6\/2018\/08\/Kansallismuseo_pihalta_DSC4398.jpg 400w\" sizes=\"auto, (max-width: 300px) 100vw, 300px\" \/><figcaption id=\"caption-attachment-748\" class=\"wp-caption-text\">(c) National Museum of Finland<\/figcaption><\/figure>\n<p>The National Museum of Finland presents Finnish history from the Stone Age to the present day, through objects and cultural history. The museum is a part of the National Board of Antiquities, under the Ministry of Culture and Education.<\/p>\n<p>The Finnish National Romantic style building is located in central Helsinki,\u00a0right across from Finlandia Hall, address Mannerheimintie 34.<\/p>\n<p><strong>The entrance to the museum meeting rooms is right from the Mannerheimintie under the bear statue<\/strong>.<\/p>\n<p>&nbsp;<\/p>\n<p>&nbsp;<\/p>\n<p>&nbsp;<\/p>\n<p>&nbsp;<\/p>\n<p><strong>Location\u00a0<\/strong><\/p>\n<p>Click the photo to open the map in a browser.<\/p>\n<p><a href=\"https:\/\/www.google.com\/maps\/place\/Finlandia+Hall\/@60.174592,24.9250262,15z\/data=!4m5!3m4!1s0x46920a32f3792b31:0xecdc10dd3b2e800!8m2!3d60.1756992!4d24.9336092?hl=en\" target=\"_blank\" rel=\"noopener\"><img loading=\"lazy\" decoding=\"async\" class=\"alignnone wp-image-704\" src=\"https:\/\/workconference.fi\/work2019\/wp-content\/uploads\/sites\/6\/2018\/08\/GoogleMaps3.png\" alt=\"\" width=\"400\" height=\"278\" srcset=\"https:\/\/workconference.fi\/work2019\/wp-content\/uploads\/sites\/6\/2018\/08\/GoogleMaps3.png 746w, https:\/\/workconference.fi\/work2019\/wp-content\/uploads\/sites\/6\/2018\/08\/GoogleMaps3-300x208.png 300w\" sizes=\"auto, (max-width: 400px) 100vw, 400px\" \/><\/a><\/p>\n<div class=\"sharing-default-minimal post-bottom\"><div class=\"nectar-social default\" data-position=\"\" data-rm-love=\"0\" data-color-override=\"override\"><div class=\"nectar-social-inner\"><a href=\"#\" class=\"nectar-love\" id=\"nectar-love-375\" title=\"Love this\"> <i class=\"icon-salient-heart-2\"><\/i><span class=\"love-text\">Love<\/span><span class=\"total_loves\"><span class=\"nectar-love-count\">0<\/span><\/span><\/a><a class='facebook-share nectar-sharing' href='#' title='Share this'> <i class='fa fa-facebook'><\/i> <span class='social-text'>Share<\/span> <\/a><a class='twitter-share nectar-sharing' href='#' title='Share this'> <i class='fa icon-salient-x-twitter'><\/i> <span class='social-text'>Share<\/span> <\/a><a class='linkedin-share nectar-sharing' href='#' title='Share this'> <i class='fa fa-linkedin'><\/i> <span class='social-text'>Share<\/span> <\/a><a class='pinterest-share nectar-sharing' href='#' title='Pin this'> <i class='fa fa-pinterest'><\/i> <span class='social-text'>Pin<\/span> <\/a><\/div><\/div><\/div>","protected":false},"excerpt":{"rendered":"<p>The conference will be held in Helsinki, at the Congress Wing at the Finlandia Hall. Some sessions are held at the National Museum of Finland, right across the Finlandia Hall, on Wednesday 14 and Thursday 15 August. &nbsp; Finlandia Hall\u00a0 Finlandia Hall is located in a park on T\u00f6\u00f6l\u00f6nlahti Bay in the centre of Helsinki, &hellip; <a href=\"https:\/\/workconference.fi\/work2019\/venue\/\">Continued<\/a><\/p>\n","protected":false},"author":21,"featured_media":0,"parent":0,"menu_order":0,"comment_status":"closed","ping_status":"closed","template":"","meta":{"_acf_changed":false,"_exactmetrics_skip_tracking":false,"_exactmetrics_sitenote_active":false,"_exactmetrics_sitenote_note":"","_exactmetrics_sitenote_category":0,"footnotes":""},"class_list":["post-375","page","type-page","status-publish","hentry"],"acf":[],"yoast_head":"<!-- This site is optimized with the Yoast SEO plugin v27.3 - https:\/\/yoast.com\/product\/yoast-seo-wordpress\/ -->\n<title>Venue - WORK2019<\/title>\n<meta name=\"robots\" content=\"index, follow, max-snippet:-1, max-image-preview:large, max-video-preview:-1\" \/>\n<link rel=\"canonical\" href=\"https:\/\/workconference.fi\/work2019\/venue\/\" \/>\n<meta property=\"og:locale\" content=\"en_US\" \/>\n<meta property=\"og:type\" content=\"article\" \/>\n<meta property=\"og:title\" content=\"Venue - WORK2019\" \/>\n<meta property=\"og:description\" content=\"The conference will be held in Helsinki, at the Congress Wing at the Finlandia Hall. Some sessions are held at the National Museum of Finland, right across the Finlandia Hall, on Wednesday 14 and Thursday 15 August. &nbsp; Finlandia Hall\u00a0 Finlandia Hall is located in a park on T\u00f6\u00f6l\u00f6nlahti Bay in the centre of Helsinki, &hellip; Continued\" \/>\n<meta property=\"og:url\" content=\"https:\/\/workconference.fi\/work2019\/venue\/\" \/>\n<meta property=\"og:site_name\" content=\"WORK2019\" \/>\n<meta property=\"article:publisher\" content=\"https:\/\/www.facebook.com\/Work2019fi\/\" \/>\n<meta property=\"article:modified_time\" content=\"2019-08-07T08:57:55+00:00\" \/>\n<meta property=\"og:image\" content=\"https:\/\/workconference.fi\/work2019\/wp-content\/uploads\/sites\/6\/2018\/08\/finlandia-talo_lantinen_julkisivu_western_facade_matti_tirri-300x200.jpg\" \/>\n<meta name=\"twitter:card\" content=\"summary_large_image\" \/>\n<meta name=\"twitter:site\" content=\"@WORK2019fi\" \/>\n<meta name=\"twitter:label1\" content=\"Est. reading time\" \/>\n\t<meta name=\"twitter:data1\" content=\"2 minutes\" \/>\n<script type=\"application\/ld+json\" class=\"yoast-schema-graph\">{\"@context\":\"https:\\\/\\\/schema.org\",\"@graph\":[{\"@type\":\"WebPage\",\"@id\":\"https:\\\/\\\/workconference.fi\\\/work2019\\\/venue\\\/\",\"url\":\"https:\\\/\\\/workconference.fi\\\/work2019\\\/venue\\\/\",\"name\":\"Venue - WORK2019\",\"isPartOf\":{\"@id\":\"https:\\\/\\\/workconference.fi\\\/work2019\\\/#website\"},\"primaryImageOfPage\":{\"@id\":\"https:\\\/\\\/workconference.fi\\\/work2019\\\/venue\\\/#primaryimage\"},\"image\":{\"@id\":\"https:\\\/\\\/workconference.fi\\\/work2019\\\/venue\\\/#primaryimage\"},\"thumbnailUrl\":\"https:\\\/\\\/workconference.fi\\\/work2019\\\/wp-content\\\/uploads\\\/sites\\\/6\\\/2018\\\/08\\\/finlandia-talo_lantinen_julkisivu_western_facade_matti_tirri-300x200.jpg\",\"datePublished\":\"2018-06-28T11:44:53+00:00\",\"dateModified\":\"2019-08-07T08:57:55+00:00\",\"breadcrumb\":{\"@id\":\"https:\\\/\\\/workconference.fi\\\/work2019\\\/venue\\\/#breadcrumb\"},\"inLanguage\":\"en-US\",\"potentialAction\":[{\"@type\":\"ReadAction\",\"target\":[\"https:\\\/\\\/workconference.fi\\\/work2019\\\/venue\\\/\"]}]},{\"@type\":\"ImageObject\",\"inLanguage\":\"en-US\",\"@id\":\"https:\\\/\\\/workconference.fi\\\/work2019\\\/venue\\\/#primaryimage\",\"url\":\"https:\\\/\\\/workconference.fi\\\/work2019\\\/wp-content\\\/uploads\\\/sites\\\/6\\\/2018\\\/08\\\/finlandia-talo_lantinen_julkisivu_western_facade_matti_tirri.jpg\",\"contentUrl\":\"https:\\\/\\\/workconference.fi\\\/work2019\\\/wp-content\\\/uploads\\\/sites\\\/6\\\/2018\\\/08\\\/finlandia-talo_lantinen_julkisivu_western_facade_matti_tirri.jpg\",\"width\":400,\"height\":266,\"caption\":\"Congress wing (c) Matti Tirri\"},{\"@type\":\"BreadcrumbList\",\"@id\":\"https:\\\/\\\/workconference.fi\\\/work2019\\\/venue\\\/#breadcrumb\",\"itemListElement\":[{\"@type\":\"ListItem\",\"position\":1,\"name\":\"Home\",\"item\":\"https:\\\/\\\/workconference.fi\\\/work2019\\\/\"},{\"@type\":\"ListItem\",\"position\":2,\"name\":\"Venue\"}]},{\"@type\":\"WebSite\",\"@id\":\"https:\\\/\\\/workconference.fi\\\/work2019\\\/#website\",\"url\":\"https:\\\/\\\/workconference.fi\\\/work2019\\\/\",\"name\":\"WORK2019\",\"description\":\"\",\"potentialAction\":[{\"@type\":\"SearchAction\",\"target\":{\"@type\":\"EntryPoint\",\"urlTemplate\":\"https:\\\/\\\/workconference.fi\\\/work2019\\\/?s={search_term_string}\"},\"query-input\":{\"@type\":\"PropertyValueSpecification\",\"valueRequired\":true,\"valueName\":\"search_term_string\"}}],\"inLanguage\":\"en-US\"}]}<\/script>\n<!-- \/ Yoast SEO plugin. -->","yoast_head_json":{"title":"Venue - WORK2019","robots":{"index":"index","follow":"follow","max-snippet":"max-snippet:-1","max-image-preview":"max-image-preview:large","max-video-preview":"max-video-preview:-1"},"canonical":"https:\/\/workconference.fi\/work2019\/venue\/","og_locale":"en_US","og_type":"article","og_title":"Venue - WORK2019","og_description":"The conference will be held in Helsinki, at the Congress Wing at the Finlandia Hall. Some sessions are held at the National Museum of Finland, right across the Finlandia Hall, on Wednesday 14 and Thursday 15 August. &nbsp; Finlandia Hall\u00a0 Finlandia Hall is located in a park on T\u00f6\u00f6l\u00f6nlahti Bay in the centre of Helsinki, &hellip; Continued","og_url":"https:\/\/workconference.fi\/work2019\/venue\/","og_site_name":"WORK2019","article_publisher":"https:\/\/www.facebook.com\/Work2019fi\/","article_modified_time":"2019-08-07T08:57:55+00:00","og_image":[{"url":"https:\/\/workconference.fi\/work2019\/wp-content\/uploads\/sites\/6\/2018\/08\/finlandia-talo_lantinen_julkisivu_western_facade_matti_tirri-300x200.jpg","type":"","width":"","height":""}],"twitter_card":"summary_large_image","twitter_site":"@WORK2019fi","twitter_misc":{"Est. reading time":"2 minutes"},"schema":{"@context":"https:\/\/schema.org","@graph":[{"@type":"WebPage","@id":"https:\/\/workconference.fi\/work2019\/venue\/","url":"https:\/\/workconference.fi\/work2019\/venue\/","name":"Venue - WORK2019","isPartOf":{"@id":"https:\/\/workconference.fi\/work2019\/#website"},"primaryImageOfPage":{"@id":"https:\/\/workconference.fi\/work2019\/venue\/#primaryimage"},"image":{"@id":"https:\/\/workconference.fi\/work2019\/venue\/#primaryimage"},"thumbnailUrl":"https:\/\/workconference.fi\/work2019\/wp-content\/uploads\/sites\/6\/2018\/08\/finlandia-talo_lantinen_julkisivu_western_facade_matti_tirri-300x200.jpg","datePublished":"2018-06-28T11:44:53+00:00","dateModified":"2019-08-07T08:57:55+00:00","breadcrumb":{"@id":"https:\/\/workconference.fi\/work2019\/venue\/#breadcrumb"},"inLanguage":"en-US","potentialAction":[{"@type":"ReadAction","target":["https:\/\/workconference.fi\/work2019\/venue\/"]}]},{"@type":"ImageObject","inLanguage":"en-US","@id":"https:\/\/workconference.fi\/work2019\/venue\/#primaryimage","url":"https:\/\/workconference.fi\/work2019\/wp-content\/uploads\/sites\/6\/2018\/08\/finlandia-talo_lantinen_julkisivu_western_facade_matti_tirri.jpg","contentUrl":"https:\/\/workconference.fi\/work2019\/wp-content\/uploads\/sites\/6\/2018\/08\/finlandia-talo_lantinen_julkisivu_western_facade_matti_tirri.jpg","width":400,"height":266,"caption":"Congress wing (c) Matti Tirri"},{"@type":"BreadcrumbList","@id":"https:\/\/workconference.fi\/work2019\/venue\/#breadcrumb","itemListElement":[{"@type":"ListItem","position":1,"name":"Home","item":"https:\/\/workconference.fi\/work2019\/"},{"@type":"ListItem","position":2,"name":"Venue"}]},{"@type":"WebSite","@id":"https:\/\/workconference.fi\/work2019\/#website","url":"https:\/\/workconference.fi\/work2019\/","name":"WORK2019","description":"","potentialAction":[{"@type":"SearchAction","target":{"@type":"EntryPoint","urlTemplate":"https:\/\/workconference.fi\/work2019\/?s={search_term_string}"},"query-input":{"@type":"PropertyValueSpecification","valueRequired":true,"valueName":"search_term_string"}}],"inLanguage":"en-US"}]}},"_links":{"self":[{"href":"https:\/\/workconference.fi\/work2019\/wp-json\/wp\/v2\/pages\/375","targetHints":{"allow":["GET"]}}],"collection":[{"href":"https:\/\/workconference.fi\/work2019\/wp-json\/wp\/v2\/pages"}],"about":[{"href":"https:\/\/workconference.fi\/work2019\/wp-json\/wp\/v2\/types\/page"}],"author":[{"embeddable":true,"href":"https:\/\/workconference.fi\/work2019\/wp-json\/wp\/v2\/users\/21"}],"replies":[{"embeddable":true,"href":"https:\/\/workconference.fi\/work2019\/wp-json\/wp\/v2\/comments?post=375"}],"version-history":[{"count":28,"href":"https:\/\/workconference.fi\/work2019\/wp-json\/wp\/v2\/pages\/375\/revisions"}],"predecessor-version":[{"id":1352,"href":"https:\/\/workconference.fi\/work2019\/wp-json\/wp\/v2\/pages\/375\/revisions\/1352"}],"wp:attachment":[{"href":"https:\/\/workconference.fi\/work2019\/wp-json\/wp\/v2\/media?parent=375"}],"curies":[{"name":"wp","href":"https:\/\/api.w.org\/{rel}","templated":true}]}}