{"id":1103,"date":"2019-05-02T09:06:04","date_gmt":"2019-05-02T06:06:04","guid":{"rendered":"http:\/\/work2019.fi\/?page_id=1103"},"modified":"2019-07-11T16:48:39","modified_gmt":"2019-07-11T13:48:39","slug":"lilly-irani","status":"publish","type":"page","link":"https:\/\/workconference.fi\/work2019\/lilly-irani\/","title":{"rendered":"Lilly Irani"},"content":{"rendered":"<p><img loading=\"lazy\" decoding=\"async\" class=\"wp-image-1104 size-medium alignleft\" src=\"https:\/\/workconference.fi\/work2019\/wp-content\/uploads\/sites\/6\/2019\/04\/Irani-5DSC_4988UCSanDiegoPublications_ErikJepsen-1024x682-e1556625612739-300x232.jpg\" alt=\"\" width=\"300\" height=\"232\" srcset=\"https:\/\/workconference.fi\/work2019\/wp-content\/uploads\/sites\/6\/2019\/04\/Irani-5DSC_4988UCSanDiegoPublications_ErikJepsen-1024x682-e1556625612739-300x232.jpg 300w, https:\/\/workconference.fi\/work2019\/wp-content\/uploads\/sites\/6\/2019\/04\/Irani-5DSC_4988UCSanDiegoPublications_ErikJepsen-1024x682-e1556625612739-768x593.jpg 768w, https:\/\/workconference.fi\/work2019\/wp-content\/uploads\/sites\/6\/2019\/04\/Irani-5DSC_4988UCSanDiegoPublications_ErikJepsen-1024x682-e1556625612739.jpg 867w\" sizes=\"auto, (max-width: 300px) 100vw, 300px\" \/>Associate Professor of Communication &amp; Science Studies<br \/>\nUniversity of California<\/p>\n<p>&nbsp;<\/p>\n<p>&nbsp;<\/p>\n<p>&nbsp;<\/p>\n<p>&nbsp;<\/p>\n<p>&nbsp;<\/p>\n<p>&nbsp;<\/p>\n<p>Lilly Irani is an Associate Professor of Communication &amp; Science Studies at the University of California, San Diego.<\/p>\n<p>Her work draws on and contributes to Science and Technology Studies, Human-Computer Interaction, as well as South Asian studies. She draws on her experience as a Computer Scientist for 10 years as both as a source of research topics and as a source of insight on how technological practices are shaped by hierarchies of value, gender, race, and the cultural and economic project called \u201cmodernity\u201d. She is an ethnographer of work trained to analyze interactional, organizational, and cultural dynamics as mediated by technology. She specializes in the cultural politics of high-tech work in the context of South Asian development, as well global AI economies.<\/p>\n<p>Irani is also a member of faculty at the Design Lab, Institute for Practical Ethics, the program in Critical Gender Studies, and the Hal\u0131c\u0131o\u011flu Data Science Institute. Her most recent book is <em>Chasing Innovation: Making Entrepreneurial Citizens in Modern India<\/em> (Princeton University Press, 2019). She is a co-founder and maintainer of the digital labor activism tool Turkopticon. Her work has appeared in ACM SIGCHI, New Media &amp; Society, Science, Technology &amp; Human Values, South Atlantic Quarterly, and other publications. She holds a Ph.D. in Informatics from the University of California, Irvine.<\/p>\n<p>#high-tech #workpractices #culturaldynamics\u00a0 #innovationcultures<\/p>\n<p>Read more about Irani\u2019s expertise and her work as a researcher on <a href=\"https:\/\/quote.ucsd.edu\/lirani\/\" target=\"_blank\" rel=\"noopener\">her profile<\/a> and on <a href=\"https:\/\/quote.ucsd.edu\/lirani\/photos-and-bio\/\" target=\"_blank\" rel=\"noopener\">her bio<\/a>.<\/p>\n<p><img loading=\"lazy\" decoding=\"async\" class=\"wp-image-336 alignleft\" src=\"https:\/\/workconference.fi\/work2019\/wp-content\/uploads\/sites\/6\/2018\/06\/Twitter_Social_Icon_Rounded_Square_Color-150x150.png\" alt=\"\" width=\"61\" height=\"61\" srcset=\"https:\/\/workconference.fi\/work2019\/wp-content\/uploads\/sites\/6\/2018\/06\/Twitter_Social_Icon_Rounded_Square_Color-150x150.png 150w, https:\/\/workconference.fi\/work2019\/wp-content\/uploads\/sites\/6\/2018\/06\/Twitter_Social_Icon_Rounded_Square_Color-300x300.png 300w, https:\/\/workconference.fi\/work2019\/wp-content\/uploads\/sites\/6\/2018\/06\/Twitter_Social_Icon_Rounded_Square_Color-45x45.png 45w, https:\/\/workconference.fi\/work2019\/wp-content\/uploads\/sites\/6\/2018\/06\/Twitter_Social_Icon_Rounded_Square_Color.png 400w\" sizes=\"auto, (max-width: 61px) 100vw, 61px\" \/><\/p>\n<p><a href=\"https:\/\/twitter.com\/gleemie\" target=\"_blank\" rel=\"noopener\">@gleemie<\/a><\/p>\n<p>&nbsp;<\/p>\n<p>&nbsp;<\/p>\n<p>&nbsp;<\/p>\n<p>&nbsp;<\/p>\n<div class=\"sharing-default-minimal post-bottom\"><div class=\"nectar-social default\" data-position=\"\" data-rm-love=\"0\" data-color-override=\"override\"><div class=\"nectar-social-inner\"><a href=\"#\" class=\"nectar-love\" id=\"nectar-love-1103\" title=\"Love this\"> <i class=\"icon-salient-heart-2\"><\/i><span class=\"love-text\">Love<\/span><span class=\"total_loves\"><span class=\"nectar-love-count\">0<\/span><\/span><\/a><a class='facebook-share nectar-sharing' href='#' title='Share this'> <i class='fa fa-facebook'><\/i> <span class='social-text'>Share<\/span> <\/a><a class='twitter-share nectar-sharing' href='#' title='Share this'> <i class='fa icon-salient-x-twitter'><\/i> <span class='social-text'>Share<\/span> <\/a><a class='linkedin-share nectar-sharing' href='#' title='Share this'> <i class='fa fa-linkedin'><\/i> <span class='social-text'>Share<\/span> <\/a><a class='pinterest-share nectar-sharing' href='#' title='Pin this'> <i class='fa fa-pinterest'><\/i> <span class='social-text'>Pin<\/span> <\/a><\/div><\/div><\/div>","protected":false},"excerpt":{"rendered":"<p>Associate Professor of Communication &amp; Science Studies University of California &nbsp; &nbsp; &nbsp; &nbsp; &nbsp; &nbsp; Lilly Irani is an Associate Professor of Communication &amp; Science Studies at the University of California, San Diego. Her work draws on and contributes to Science and Technology Studies, Human-Computer Interaction, as well as South Asian studies. She draws &hellip; <a href=\"https:\/\/workconference.fi\/work2019\/lilly-irani\/\">Continued<\/a><\/p>\n","protected":false},"author":21,"featured_media":0,"parent":0,"menu_order":0,"comment_status":"closed","ping_status":"closed","template":"","meta":{"_acf_changed":false,"_exactmetrics_skip_tracking":false,"_exactmetrics_sitenote_active":false,"_exactmetrics_sitenote_note":"","_exactmetrics_sitenote_category":0,"footnotes":""},"class_list":["post-1103","page","type-page","status-publish","hentry"],"acf":[],"yoast_head":"<!-- This site is optimized with the Yoast SEO plugin v27.3 - https:\/\/yoast.com\/product\/yoast-seo-wordpress\/ -->\n<title>Lilly Irani - WORK2019<\/title>\n<meta name=\"robots\" content=\"index, follow, max-snippet:-1, max-image-preview:large, max-video-preview:-1\" \/>\n<link rel=\"canonical\" href=\"https:\/\/workconference.fi\/work2019\/lilly-irani\/\" \/>\n<meta property=\"og:locale\" content=\"en_US\" \/>\n<meta property=\"og:type\" content=\"article\" \/>\n<meta property=\"og:title\" content=\"Lilly Irani - WORK2019\" \/>\n<meta property=\"og:description\" content=\"Associate Professor of Communication &amp; Science Studies University of California &nbsp; &nbsp; &nbsp; &nbsp; &nbsp; &nbsp; Lilly Irani is an Associate Professor of Communication &amp; Science Studies at the University of California, San Diego. Her work draws on and contributes to Science and Technology Studies, Human-Computer Interaction, as well as South Asian studies. She draws &hellip; Continued\" \/>\n<meta property=\"og:url\" content=\"https:\/\/workconference.fi\/work2019\/lilly-irani\/\" \/>\n<meta property=\"og:site_name\" content=\"WORK2019\" \/>\n<meta property=\"article:publisher\" content=\"https:\/\/www.facebook.com\/Work2019fi\/\" \/>\n<meta property=\"article:modified_time\" content=\"2019-07-11T13:48:39+00:00\" \/>\n<meta property=\"og:image\" content=\"https:\/\/workconference.fi\/work2019\/wp-content\/uploads\/sites\/6\/2019\/04\/Irani-5DSC_4988UCSanDiegoPublications_ErikJepsen-1024x682-e1556625612739-300x232.jpg\" \/>\n<meta name=\"twitter:card\" content=\"summary_large_image\" \/>\n<meta name=\"twitter:site\" content=\"@WORK2019fi\" \/>\n<meta name=\"twitter:label1\" content=\"Est. reading time\" \/>\n\t<meta name=\"twitter:data1\" content=\"1 minute\" \/>\n<script type=\"application\/ld+json\" class=\"yoast-schema-graph\">{\"@context\":\"https:\\\/\\\/schema.org\",\"@graph\":[{\"@type\":\"WebPage\",\"@id\":\"https:\\\/\\\/workconference.fi\\\/work2019\\\/lilly-irani\\\/\",\"url\":\"https:\\\/\\\/workconference.fi\\\/work2019\\\/lilly-irani\\\/\",\"name\":\"Lilly Irani - WORK2019\",\"isPartOf\":{\"@id\":\"https:\\\/\\\/workconference.fi\\\/work2019\\\/#website\"},\"primaryImageOfPage\":{\"@id\":\"https:\\\/\\\/workconference.fi\\\/work2019\\\/lilly-irani\\\/#primaryimage\"},\"image\":{\"@id\":\"https:\\\/\\\/workconference.fi\\\/work2019\\\/lilly-irani\\\/#primaryimage\"},\"thumbnailUrl\":\"https:\\\/\\\/workconference.fi\\\/work2019\\\/wp-content\\\/uploads\\\/sites\\\/6\\\/2019\\\/04\\\/Irani-5DSC_4988UCSanDiegoPublications_ErikJepsen-1024x682-e1556625612739-300x232.jpg\",\"datePublished\":\"2019-05-02T06:06:04+00:00\",\"dateModified\":\"2019-07-11T13:48:39+00:00\",\"breadcrumb\":{\"@id\":\"https:\\\/\\\/workconference.fi\\\/work2019\\\/lilly-irani\\\/#breadcrumb\"},\"inLanguage\":\"en-US\",\"potentialAction\":[{\"@type\":\"ReadAction\",\"target\":[\"https:\\\/\\\/workconference.fi\\\/work2019\\\/lilly-irani\\\/\"]}]},{\"@type\":\"ImageObject\",\"inLanguage\":\"en-US\",\"@id\":\"https:\\\/\\\/workconference.fi\\\/work2019\\\/lilly-irani\\\/#primaryimage\",\"url\":\"https:\\\/\\\/workconference.fi\\\/work2019\\\/wp-content\\\/uploads\\\/sites\\\/6\\\/2019\\\/04\\\/Irani-5DSC_4988UCSanDiegoPublications_ErikJepsen-1024x682-e1556625612739.jpg\",\"contentUrl\":\"https:\\\/\\\/workconference.fi\\\/work2019\\\/wp-content\\\/uploads\\\/sites\\\/6\\\/2019\\\/04\\\/Irani-5DSC_4988UCSanDiegoPublications_ErikJepsen-1024x682-e1556625612739.jpg\",\"width\":867,\"height\":670},{\"@type\":\"BreadcrumbList\",\"@id\":\"https:\\\/\\\/workconference.fi\\\/work2019\\\/lilly-irani\\\/#breadcrumb\",\"itemListElement\":[{\"@type\":\"ListItem\",\"position\":1,\"name\":\"Home\",\"item\":\"https:\\\/\\\/workconference.fi\\\/work2019\\\/\"},{\"@type\":\"ListItem\",\"position\":2,\"name\":\"Lilly Irani\"}]},{\"@type\":\"WebSite\",\"@id\":\"https:\\\/\\\/workconference.fi\\\/work2019\\\/#website\",\"url\":\"https:\\\/\\\/workconference.fi\\\/work2019\\\/\",\"name\":\"WORK2019\",\"description\":\"\",\"potentialAction\":[{\"@type\":\"SearchAction\",\"target\":{\"@type\":\"EntryPoint\",\"urlTemplate\":\"https:\\\/\\\/workconference.fi\\\/work2019\\\/?s={search_term_string}\"},\"query-input\":{\"@type\":\"PropertyValueSpecification\",\"valueRequired\":true,\"valueName\":\"search_term_string\"}}],\"inLanguage\":\"en-US\"}]}<\/script>\n<!-- \/ Yoast SEO plugin. -->","yoast_head_json":{"title":"Lilly Irani - WORK2019","robots":{"index":"index","follow":"follow","max-snippet":"max-snippet:-1","max-image-preview":"max-image-preview:large","max-video-preview":"max-video-preview:-1"},"canonical":"https:\/\/workconference.fi\/work2019\/lilly-irani\/","og_locale":"en_US","og_type":"article","og_title":"Lilly Irani - WORK2019","og_description":"Associate Professor of Communication &amp; Science Studies University of California &nbsp; &nbsp; &nbsp; &nbsp; &nbsp; &nbsp; Lilly Irani is an Associate Professor of Communication &amp; Science Studies at the University of California, San Diego. Her work draws on and contributes to Science and Technology Studies, Human-Computer Interaction, as well as South Asian studies. She draws &hellip; Continued","og_url":"https:\/\/workconference.fi\/work2019\/lilly-irani\/","og_site_name":"WORK2019","article_publisher":"https:\/\/www.facebook.com\/Work2019fi\/","article_modified_time":"2019-07-11T13:48:39+00:00","og_image":[{"url":"https:\/\/workconference.fi\/work2019\/wp-content\/uploads\/sites\/6\/2019\/04\/Irani-5DSC_4988UCSanDiegoPublications_ErikJepsen-1024x682-e1556625612739-300x232.jpg","type":"","width":"","height":""}],"twitter_card":"summary_large_image","twitter_site":"@WORK2019fi","twitter_misc":{"Est. reading time":"1 minute"},"schema":{"@context":"https:\/\/schema.org","@graph":[{"@type":"WebPage","@id":"https:\/\/workconference.fi\/work2019\/lilly-irani\/","url":"https:\/\/workconference.fi\/work2019\/lilly-irani\/","name":"Lilly Irani - WORK2019","isPartOf":{"@id":"https:\/\/workconference.fi\/work2019\/#website"},"primaryImageOfPage":{"@id":"https:\/\/workconference.fi\/work2019\/lilly-irani\/#primaryimage"},"image":{"@id":"https:\/\/workconference.fi\/work2019\/lilly-irani\/#primaryimage"},"thumbnailUrl":"https:\/\/workconference.fi\/work2019\/wp-content\/uploads\/sites\/6\/2019\/04\/Irani-5DSC_4988UCSanDiegoPublications_ErikJepsen-1024x682-e1556625612739-300x232.jpg","datePublished":"2019-05-02T06:06:04+00:00","dateModified":"2019-07-11T13:48:39+00:00","breadcrumb":{"@id":"https:\/\/workconference.fi\/work2019\/lilly-irani\/#breadcrumb"},"inLanguage":"en-US","potentialAction":[{"@type":"ReadAction","target":["https:\/\/workconference.fi\/work2019\/lilly-irani\/"]}]},{"@type":"ImageObject","inLanguage":"en-US","@id":"https:\/\/workconference.fi\/work2019\/lilly-irani\/#primaryimage","url":"https:\/\/workconference.fi\/work2019\/wp-content\/uploads\/sites\/6\/2019\/04\/Irani-5DSC_4988UCSanDiegoPublications_ErikJepsen-1024x682-e1556625612739.jpg","contentUrl":"https:\/\/workconference.fi\/work2019\/wp-content\/uploads\/sites\/6\/2019\/04\/Irani-5DSC_4988UCSanDiegoPublications_ErikJepsen-1024x682-e1556625612739.jpg","width":867,"height":670},{"@type":"BreadcrumbList","@id":"https:\/\/workconference.fi\/work2019\/lilly-irani\/#breadcrumb","itemListElement":[{"@type":"ListItem","position":1,"name":"Home","item":"https:\/\/workconference.fi\/work2019\/"},{"@type":"ListItem","position":2,"name":"Lilly Irani"}]},{"@type":"WebSite","@id":"https:\/\/workconference.fi\/work2019\/#website","url":"https:\/\/workconference.fi\/work2019\/","name":"WORK2019","description":"","potentialAction":[{"@type":"SearchAction","target":{"@type":"EntryPoint","urlTemplate":"https:\/\/workconference.fi\/work2019\/?s={search_term_string}"},"query-input":{"@type":"PropertyValueSpecification","valueRequired":true,"valueName":"search_term_string"}}],"inLanguage":"en-US"}]}},"_links":{"self":[{"href":"https:\/\/workconference.fi\/work2019\/wp-json\/wp\/v2\/pages\/1103","targetHints":{"allow":["GET"]}}],"collection":[{"href":"https:\/\/workconference.fi\/work2019\/wp-json\/wp\/v2\/pages"}],"about":[{"href":"https:\/\/workconference.fi\/work2019\/wp-json\/wp\/v2\/types\/page"}],"author":[{"embeddable":true,"href":"https:\/\/workconference.fi\/work2019\/wp-json\/wp\/v2\/users\/21"}],"replies":[{"embeddable":true,"href":"https:\/\/workconference.fi\/work2019\/wp-json\/wp\/v2\/comments?post=1103"}],"version-history":[{"count":6,"href":"https:\/\/workconference.fi\/work2019\/wp-json\/wp\/v2\/pages\/1103\/revisions"}],"predecessor-version":[{"id":1280,"href":"https:\/\/workconference.fi\/work2019\/wp-json\/wp\/v2\/pages\/1103\/revisions\/1280"}],"wp:attachment":[{"href":"https:\/\/workconference.fi\/work2019\/wp-json\/wp\/v2\/media?parent=1103"}],"curies":[{"name":"wp","href":"https:\/\/api.w.org\/{rel}","templated":true}]}}