{"id":2598,"date":"2017-08-09T13:36:07","date_gmt":"2017-08-09T10:36:07","guid":{"rendered":"http:\/\/workconference.fi\/work2017\/?page_id=2598"},"modified":"2017-08-16T06:31:40","modified_gmt":"2017-08-16T03:31:40","slug":"call-for-papers","status":"publish","type":"page","link":"https:\/\/workconference.fi\/work2017\/call-for-papers\/","title":{"rendered":"Call for Papers"},"content":{"rendered":"<p><a href=\"https:\/\/workconference.fi\/work2017\/wp-content\/uploads\/sites\/3\/Futura.pdf\"><strong>&#8221;Education and future working life&#8221;<\/strong><\/a><\/p>\n<p>Call for Papers: Special Issue of the Futura Journal<\/p>\n<p>&nbsp;<\/p>\n<p><a href=\"https:\/\/workconference.fi\/work2017\/wp-content\/uploads\/sites\/3\/Call-for-papers-edited-volume.pdf\"><strong>&#8221;Work and Labour in the Digital Future&#8221;<\/strong><\/a><\/p>\n<p>Call for Chapters for edited volume &#8221;Work and Labour in the Digital Future&#8221;, to be published in 2019.<\/p>\n<p>&nbsp;<\/p>\n<p><a href=\"https:\/\/workconference.fi\/work2017\/wp-content\/uploads\/sites\/3\/WORK2017-Kirjoituskutsu-Ty\u00f6el\u00e4m\u00e4n-tutkimus.pdf\"><strong>\u201dAlustatalous ja ty\u00f6el\u00e4m\u00e4n muutos \u2013 monitieteellisen tutkimuksen tarve\u201d<\/strong><\/a><\/p>\n<p>Kirjoituskutsu Ty\u00f6el\u00e4m\u00e4n tutkimus -lehteen<\/p>\n<div class=\"sharing-default-minimal post-bottom\"><div class=\"nectar-social default\" data-position=\"\" data-rm-love=\"0\" data-color-override=\"override\"><div class=\"nectar-social-inner\"><a href=\"#\" class=\"nectar-love\" id=\"nectar-love-2598\" title=\"Love this\"> <i class=\"icon-salient-heart-2\"><\/i><span class=\"love-text\">Love<\/span><span class=\"total_loves\"><span class=\"nectar-love-count\">0<\/span><\/span><\/a><a class='facebook-share nectar-sharing' href='#' title='Share this'> <i class='fa fa-facebook'><\/i> <span class='social-text'>Share<\/span> <\/a><a class='twitter-share nectar-sharing' href='#' title='Share this'> <i class='fa icon-salient-x-twitter'><\/i> <span class='social-text'>Share<\/span> <\/a><a class='linkedin-share nectar-sharing' href='#' title='Share this'> <i class='fa fa-linkedin'><\/i> <span class='social-text'>Share<\/span> <\/a><a class='pinterest-share nectar-sharing' href='#' title='Pin this'> <i class='fa fa-pinterest'><\/i> <span class='social-text'>Pin<\/span> <\/a><\/div><\/div><\/div>","protected":false},"excerpt":{"rendered":"<p>&#8221;Education and future working life&#8221; Call for Papers: Special Issue of the Futura Journal &nbsp; &#8221;Work and Labour in the Digital Future&#8221; Call for Chapters for edited volume &#8221;Work and Labour in the Digital Future&#8221;, to be published in 2019. &nbsp; \u201dAlustatalous ja ty\u00f6el\u00e4m\u00e4n muutos \u2013 monitieteellisen tutkimuksen tarve\u201d Kirjoituskutsu Ty\u00f6el\u00e4m\u00e4n tutkimus -lehteen Love0 Share &hellip; <a href=\"https:\/\/workconference.fi\/work2017\/call-for-papers\/\">Continued<\/a><\/p>\n","protected":false},"author":12,"featured_media":0,"parent":0,"menu_order":0,"comment_status":"closed","ping_status":"closed","template":"","meta":{"_acf_changed":false,"footnotes":""},"class_list":["post-2598","page","type-page","status-publish","hentry"],"acf":[],"_links":{"self":[{"href":"https:\/\/workconference.fi\/work2017\/wp-json\/wp\/v2\/pages\/2598","targetHints":{"allow":["GET"]}}],"collection":[{"href":"https:\/\/workconference.fi\/work2017\/wp-json\/wp\/v2\/pages"}],"about":[{"href":"https:\/\/workconference.fi\/work2017\/wp-json\/wp\/v2\/types\/page"}],"author":[{"embeddable":true,"href":"https:\/\/workconference.fi\/work2017\/wp-json\/wp\/v2\/users\/12"}],"replies":[{"embeddable":true,"href":"https:\/\/workconference.fi\/work2017\/wp-json\/wp\/v2\/comments?post=2598"}],"version-history":[{"count":6,"href":"https:\/\/workconference.fi\/work2017\/wp-json\/wp\/v2\/pages\/2598\/revisions"}],"predecessor-version":[{"id":2732,"href":"https:\/\/workconference.fi\/work2017\/wp-json\/wp\/v2\/pages\/2598\/revisions\/2732"}],"wp:attachment":[{"href":"https:\/\/workconference.fi\/work2017\/wp-json\/wp\/v2\/media?parent=2598"}],"curies":[{"name":"wp","href":"https:\/\/api.w.org\/{rel}","templated":true}]}}