{"id":148,"date":"2016-09-29T15:48:39","date_gmt":"2016-09-29T12:48:39","guid":{"rendered":"http:\/\/workconference.fi\/work2017\/?page_id=148"},"modified":"2017-07-18T14:44:23","modified_gmt":"2017-07-18T11:44:23","slug":"venue","status":"publish","type":"page","link":"https:\/\/workconference.fi\/work2017\/general-info\/venue\/","title":{"rendered":"Venue"},"content":{"rendered":"<p>The conference will be held at the <strong>Turku School of Economics (TSE<\/strong>), street address: Rehtorinpellonkatu 3, Turku.<\/p>\n<p>&nbsp;<\/p>\n<p><img loading=\"lazy\" decoding=\"async\" class=\"wp-image-1164 aligncenter\" src=\"https:\/\/workconference.fi\/work2017\/wp-content\/uploads\/sites\/3\/tse-rakennus-1024x768.jpg\" alt=\"\" width=\"363\" height=\"272\" \/><\/p>\n<p>&nbsp;<\/p>\n<p>The school is part of the Turku University Campus area and located near the centre of Turku, about\u00a01 km from the city centre Market Square.<\/p>\n<p class=\"utu-rte2Element-P\"><span lang=\"EN-US\">The easiest way to get to TSE from city centre (hotels) is to walk along the riverside, pass the Cathedral, continue to the street H\u00e4meenkatu and turn left to the street Rehtorinpellonkatu.\u00a0<\/span><span lang=\"EN-US\">It is also possible to take a bus from the Market Square to H\u00e4meenkatu. For example buses number 2, 2A; 50, 51, 53, 54; 55, 55A, 56 all go along H\u00e4meenkatu. All local buses from H\u00e4meenkatu go to the Market Square. A single bus ticket with 2 hours of changing time costs EUR 3. <\/span>For timetables, routes and other ticket options, please visit <a href=\"http:\/\/www.foli.fi\/en\/tourists\" target=\"_blank\" rel=\"noopener\">F\u00f6li -Turku Region Traffic<\/a>.<\/p>\n<p>&nbsp;<\/p>\n<p style=\"padding-left: 30px;\"><iframe loading=\"lazy\" style=\"border: 0;\" src=\"https:\/\/www.google.com\/maps\/embed?pb=!1m18!1m12!1m3!1d15739.384582328006!2d22.271566937614345!3d60.454739282066676!2m3!1f0!2f0!3f0!3m2!1i1024!2i768!4f13.1!3m3!1m2!1s0x468c76ef1c548ec9%3A0x68a554034c35053f!2sTurku+School+of+Economics!5e0!3m2!1sen!2sfi!4v1499087597216\" width=\"600\" height=\"450\" frameborder=\"0\" allowfullscreen=\"allowfullscreen\"><\/iframe><\/p>\n<div class=\"sharing-default-minimal post-bottom\"><div class=\"nectar-social default\" data-position=\"\" data-rm-love=\"0\" data-color-override=\"override\"><div class=\"nectar-social-inner\"><a href=\"#\" class=\"nectar-love\" id=\"nectar-love-148\" title=\"Love this\"> <i class=\"icon-salient-heart-2\"><\/i><span class=\"love-text\">Love<\/span><span class=\"total_loves\"><span class=\"nectar-love-count\">0<\/span><\/span><\/a><a class='facebook-share nectar-sharing' href='#' title='Share this'> <i class='fa fa-facebook'><\/i> <span class='social-text'>Share<\/span> <\/a><a class='twitter-share nectar-sharing' href='#' title='Share this'> <i class='fa icon-salient-x-twitter'><\/i> <span class='social-text'>Share<\/span> <\/a><a class='linkedin-share nectar-sharing' href='#' title='Share this'> <i class='fa fa-linkedin'><\/i> <span class='social-text'>Share<\/span> <\/a><a class='pinterest-share nectar-sharing' href='#' title='Pin this'> <i class='fa fa-pinterest'><\/i> <span class='social-text'>Pin<\/span> <\/a><\/div><\/div><\/div>","protected":false},"excerpt":{"rendered":"<p>The conference will be held at the Turku School of Economics (TSE), street address: Rehtorinpellonkatu 3, Turku. &nbsp; &nbsp; The school is part of the Turku University Campus area and located near the centre of Turku, about\u00a01 km from the city centre Market Square. The easiest way to get to TSE from city centre (hotels) &hellip; <a href=\"https:\/\/workconference.fi\/work2017\/general-info\/venue\/\">Continued<\/a><\/p>\n","protected":false},"author":12,"featured_media":0,"parent":145,"menu_order":0,"comment_status":"closed","ping_status":"closed","template":"","meta":{"_acf_changed":false,"footnotes":""},"class_list":["post-148","page","type-page","status-publish","hentry"],"acf":[],"_links":{"self":[{"href":"https:\/\/workconference.fi\/work2017\/wp-json\/wp\/v2\/pages\/148","targetHints":{"allow":["GET"]}}],"collection":[{"href":"https:\/\/workconference.fi\/work2017\/wp-json\/wp\/v2\/pages"}],"about":[{"href":"https:\/\/workconference.fi\/work2017\/wp-json\/wp\/v2\/types\/page"}],"author":[{"embeddable":true,"href":"https:\/\/workconference.fi\/work2017\/wp-json\/wp\/v2\/users\/12"}],"replies":[{"embeddable":true,"href":"https:\/\/workconference.fi\/work2017\/wp-json\/wp\/v2\/comments?post=148"}],"version-history":[{"count":12,"href":"https:\/\/workconference.fi\/work2017\/wp-json\/wp\/v2\/pages\/148\/revisions"}],"predecessor-version":[{"id":2505,"href":"https:\/\/workconference.fi\/work2017\/wp-json\/wp\/v2\/pages\/148\/revisions\/2505"}],"up":[{"embeddable":true,"href":"https:\/\/workconference.fi\/work2017\/wp-json\/wp\/v2\/pages\/145"}],"wp:attachment":[{"href":"https:\/\/workconference.fi\/work2017\/wp-json\/wp\/v2\/media?parent=148"}],"curies":[{"name":"wp","href":"https:\/\/api.w.org\/{rel}","templated":true}]}}